{"id":2355,"date":"2024-10-01T10:29:14","date_gmt":"2024-10-01T10:29:14","guid":{"rendered":"https:\/\/saadsice.com\/people\/"},"modified":"2025-01-16T11:19:17","modified_gmt":"2025-01-16T11:19:17","slug":"people","status":"publish","type":"page","link":"https:\/\/saadsice.com\/de\/people\/","title":{"rendered":"Menschen"},"content":{"rendered":"\t\t<div data-elementor-type=\"wp-page\" data-elementor-id=\"2355\" class=\"elementor elementor-2355 elementor-448\" data-elementor-post-type=\"page\">\n\t\t\t\t<div data-particle_enable=\"false\" data-particle-mobile-disabled=\"false\" class=\"elementor-element elementor-element-e9b0bc4 e-con-full e-flex e-con e-parent\" data-id=\"e9b0bc4\" data-element_type=\"container\" data-settings=\"{&quot;background_background&quot;:&quot;classic&quot;}\">\n\t\t\t\t<div class=\"elementor-element elementor-element-5ff62e6 elementor-widget elementor-widget-heading\" data-id=\"5ff62e6\" data-element_type=\"widget\" data-widget_type=\"heading.default\">\n\t\t\t\t<div class=\"elementor-widget-container\">\n\t\t\t\t\t<h2 class=\"elementor-heading-title elementor-size-default\">Menschen\n<\/h2>\t\t\t\t<\/div>\n\t\t\t\t<\/div>\n\t\t\t\t<\/div>\n\t\t<div data-particle_enable=\"false\" data-particle-mobile-disabled=\"false\" class=\"elementor-element elementor-element-0f4ecbd e-con-full e-flex e-con e-parent\" data-id=\"0f4ecbd\" data-element_type=\"container\">\n\t\t\t\t<div class=\"elementor-element elementor-element-2417cd1 elementor-widget elementor-widget-heading\" data-id=\"2417cd1\" data-element_type=\"widget\" data-widget_type=\"heading.default\">\n\t\t\t\t<div class=\"elementor-widget-container\">\n\t\t\t\t\t<h2 class=\"elementor-heading-title elementor-size-default\">Ein engagiertes Team aus Ingenieuren und Vision\u00e4ren, das in jedem Projekt Spitzenleistungen vorantreibt\n<\/h2>\t\t\t\t<\/div>\n\t\t\t\t<\/div>\n\t\t<div data-particle_enable=\"false\" data-particle-mobile-disabled=\"false\" class=\"elementor-element elementor-element-397dec9 e-con-full e-flex e-con e-child\" data-id=\"397dec9\" data-element_type=\"container\">\n\t\t<div data-particle_enable=\"false\" data-particle-mobile-disabled=\"false\" class=\"elementor-element elementor-element-262a1d1 e-con-full e-flex e-con e-child\" data-id=\"262a1d1\" data-element_type=\"container\">\n\t\t<div data-particle_enable=\"false\" data-particle-mobile-disabled=\"false\" class=\"elementor-element elementor-element-ceb351a e-con-full e-flex e-con e-child\" data-id=\"ceb351a\" data-element_type=\"container\" data-settings=\"{&quot;background_background&quot;:&quot;classic&quot;}\">\n\t\t\t\t<\/div>\n\t\t\t\t<div class=\"elementor-element elementor-element-81c8e6d elementor-widget elementor-widget-text-editor\" data-id=\"81c8e6d\" data-element_type=\"widget\" data-widget_type=\"text-editor.default\">\n\t\t\t\t<div class=\"elementor-widget-container\">\n\t\t\t\t\t\t\t\t\t<p>Prof. Dr. Fathy Saad<br \/>CEO &amp; Gr\u00fcnder<\/p>\t\t\t\t\t\t\t\t<\/div>\n\t\t\t\t<\/div>\n\t\t\t\t<\/div>\n\t\t<div data-particle_enable=\"false\" data-particle-mobile-disabled=\"false\" class=\"elementor-element elementor-element-00a8869 e-con-full e-flex e-con e-child\" data-id=\"00a8869\" data-element_type=\"container\">\n\t\t<div data-particle_enable=\"false\" data-particle-mobile-disabled=\"false\" class=\"elementor-element elementor-element-0355070 e-con-full e-flex e-con e-child\" data-id=\"0355070\" data-element_type=\"container\">\n\t\t<div data-particle_enable=\"false\" data-particle-mobile-disabled=\"false\" class=\"elementor-element elementor-element-3f64087 e-con-full e-flex e-con e-child\" data-id=\"3f64087\" data-element_type=\"container\">\n\t\t<div data-particle_enable=\"false\" data-particle-mobile-disabled=\"false\" class=\"elementor-element elementor-element-bd64a50 e-con-full e-flex e-con e-child\" data-id=\"bd64a50\" data-element_type=\"container\" data-settings=\"{&quot;background_background&quot;:&quot;classic&quot;}\">\n\t\t\t\t<\/div>\n\t\t\t\t<div class=\"elementor-element elementor-element-54ba51a elementor-widget elementor-widget-text-editor\" data-id=\"54ba51a\" data-element_type=\"widget\" data-widget_type=\"text-editor.default\">\n\t\t\t\t<div class=\"elementor-widget-container\">\n\t\t\t\t\t\t\t\t\t<p>Eng. Mohamed Diaa,<br \/>stellvertretender Vorsitzender und Vorstandsmitglied<\/p>\t\t\t\t\t\t\t\t<\/div>\n\t\t\t\t<\/div>\n\t\t\t\t<\/div>\n\t\t<div data-particle_enable=\"false\" data-particle-mobile-disabled=\"false\" class=\"elementor-element elementor-element-a774d69 e-con-full e-flex e-con e-child\" data-id=\"a774d69\" data-element_type=\"container\">\n\t\t<div data-particle_enable=\"false\" data-particle-mobile-disabled=\"false\" class=\"elementor-element elementor-element-adbaf0b e-con-full e-flex e-con e-child\" data-id=\"adbaf0b\" data-element_type=\"container\" data-settings=\"{&quot;background_background&quot;:&quot;classic&quot;}\">\n\t\t\t\t<\/div>\n\t\t\t\t<div class=\"elementor-element elementor-element-4ad1fe8 elementor-widget elementor-widget-text-editor\" data-id=\"4ad1fe8\" data-element_type=\"widget\" data-widget_type=\"text-editor.default\">\n\t\t\t\t<div class=\"elementor-widget-container\">\n\t\t\t\t\t\t\t\t\t<p>Eng. Kareem Shokry,<br \/>Leiter der Br\u00fcckenabteilung und Vorstandsmitglied<\/p>\t\t\t\t\t\t\t\t<\/div>\n\t\t\t\t<\/div>\n\t\t\t\t<\/div>\n\t\t\t\t<\/div>\n\t\t<div data-particle_enable=\"false\" data-particle-mobile-disabled=\"false\" class=\"elementor-element elementor-element-6eef771 e-con-full e-flex e-con e-child\" data-id=\"6eef771\" data-element_type=\"container\">\n\t\t<div data-particle_enable=\"false\" data-particle-mobile-disabled=\"false\" class=\"elementor-element elementor-element-d44d47e e-con-full e-flex e-con e-child\" data-id=\"d44d47e\" data-element_type=\"container\">\n\t\t<div data-particle_enable=\"false\" data-particle-mobile-disabled=\"false\" class=\"elementor-element elementor-element-89f6766 e-con-full e-flex e-con e-child\" data-id=\"89f6766\" data-element_type=\"container\" data-settings=\"{&quot;background_background&quot;:&quot;classic&quot;}\">\n\t\t\t\t<\/div>\n\t\t\t\t<div class=\"elementor-element elementor-element-7398885 elementor-widget elementor-widget-text-editor\" data-id=\"7398885\" data-element_type=\"widget\" data-widget_type=\"text-editor.default\">\n\t\t\t\t<div class=\"elementor-widget-container\">\n\t\t\t\t\t\t\t\t\t<p>Dr. Ahmed Hamdy<br \/>Direktor und Vorstandsmitglied<\/p>\t\t\t\t\t\t\t\t<\/div>\n\t\t\t\t<\/div>\n\t\t\t\t<\/div>\n\t\t<div data-particle_enable=\"false\" data-particle-mobile-disabled=\"false\" class=\"elementor-element elementor-element-b4549a9 e-con-full e-flex e-con e-child\" data-id=\"b4549a9\" data-element_type=\"container\">\n\t\t<div data-particle_enable=\"false\" data-particle-mobile-disabled=\"false\" class=\"elementor-element elementor-element-dc30ae3 e-con-full e-flex e-con e-child\" data-id=\"dc30ae3\" data-element_type=\"container\" data-settings=\"{&quot;background_background&quot;:&quot;classic&quot;}\">\n\t\t\t\t<\/div>\n\t\t\t\t<div class=\"elementor-element elementor-element-5488b87 elementor-widget elementor-widget-text-editor\" data-id=\"5488b87\" data-element_type=\"widget\" data-widget_type=\"text-editor.default\">\n\t\t\t\t<div class=\"elementor-widget-container\">\n\t\t\t\t\t\t\t\t\t<p>M.Sc. Ing. Mostafa Saad<br \/>Br\u00fcckendirektor &amp; Vorstandsmitglied<\/p>\t\t\t\t\t\t\t\t<\/div>\n\t\t\t\t<\/div>\n\t\t\t\t<\/div>\n\t\t\t\t<\/div>\n\t\t\t\t<\/div>\n\t\t\t\t<\/div>\n\t\t\t\t<\/div>\n\t\t\t\t<\/div>\n\t\t","protected":false},"excerpt":{"rendered":"<p>Menschen Ein engagiertes Team aus Ingenieuren und Vision\u00e4ren, das in jedem Projekt Spitzenleistungen vorantreibt Prof. Dr. Fathy SaadCEO &amp; Gr\u00fcnder Eng. Mohamed Diaa,stellvertretender Vorsitzender und Vorstandsmitglied Eng. Kareem Shokry,Leiter der Br\u00fcckenabteilung und Vorstandsmitglied Dr. Ahmed HamdyDirektor und Vorstandsmitglied M.Sc. Ing. Mostafa SaadBr\u00fcckendirektor &amp; Vorstandsmitglied<\/p>\n","protected":false},"author":1,"featured_media":0,"parent":0,"menu_order":0,"comment_status":"closed","ping_status":"closed","template":"","meta":{"_acf_changed":false,"footnotes":""},"class_list":["post-2355","page","type-page","status-publish","hentry"],"acf":[],"_links":{"self":[{"href":"https:\/\/saadsice.com\/de\/wp-json\/wp\/v2\/pages\/2355","targetHints":{"allow":["GET"]}}],"collection":[{"href":"https:\/\/saadsice.com\/de\/wp-json\/wp\/v2\/pages"}],"about":[{"href":"https:\/\/saadsice.com\/de\/wp-json\/wp\/v2\/types\/page"}],"author":[{"embeddable":true,"href":"https:\/\/saadsice.com\/de\/wp-json\/wp\/v2\/users\/1"}],"replies":[{"embeddable":true,"href":"https:\/\/saadsice.com\/de\/wp-json\/wp\/v2\/comments?post=2355"}],"version-history":[{"count":14,"href":"https:\/\/saadsice.com\/de\/wp-json\/wp\/v2\/pages\/2355\/revisions"}],"predecessor-version":[{"id":3208,"href":"https:\/\/saadsice.com\/de\/wp-json\/wp\/v2\/pages\/2355\/revisions\/3208"}],"wp:attachment":[{"href":"https:\/\/saadsice.com\/de\/wp-json\/wp\/v2\/media?parent=2355"}],"curies":[{"name":"wp","href":"https:\/\/api.w.org\/{rel}","templated":true}]}}