{"id":2369,"date":"2024-10-01T09:10:40","date_gmt":"2024-10-01T09:10:40","guid":{"rendered":"https:\/\/saadsice.com\/vision-values\/"},"modified":"2024-12-19T10:02:32","modified_gmt":"2024-12-19T10:02:32","slug":"vision-values","status":"publish","type":"page","link":"https:\/\/saadsice.com\/de\/vision-values\/","title":{"rendered":"Vision und Werte"},"content":{"rendered":"\t\t<div data-elementor-type=\"wp-page\" data-elementor-id=\"2369\" class=\"elementor elementor-2369 elementor-403\" data-elementor-post-type=\"page\">\n\t\t\t\t<div data-particle_enable=\"false\" data-particle-mobile-disabled=\"false\" class=\"elementor-element elementor-element-789b2fa e-con-full e-flex e-con e-parent\" data-id=\"789b2fa\" data-element_type=\"container\" data-settings=\"{&quot;background_background&quot;:&quot;classic&quot;}\">\n\t\t\t\t<div class=\"elementor-element elementor-element-976cdd6 elementor-widget elementor-widget-heading\" data-id=\"976cdd6\" data-element_type=\"widget\" data-widget_type=\"heading.default\">\n\t\t\t\t<div class=\"elementor-widget-container\">\n\t\t\t\t\t<h2 class=\"elementor-heading-title elementor-size-default\">Mit Integrit\u00e4t und Innovation die Zukunft gestalten<\/h2>\t\t\t\t<\/div>\n\t\t\t\t<\/div>\n\t\t\t\t<div class=\"elementor-element elementor-element-ef67730 elementor-widget__width-initial elementor-widget elementor-widget-text-editor\" data-id=\"ef67730\" data-element_type=\"widget\" data-widget_type=\"text-editor.default\">\n\t\t\t\t<div class=\"elementor-widget-container\">\n\t\t\t\t\t\t\t\t\t<p>Wir sind von der Verpflichtung zu Exzellenz, Innovation und Nachhaltigkeit getrieben. Unsere Werte Integrit\u00e4t, Zusammenarbeit und kundenorientierter Service pr\u00e4gen jedes Projekt und sorgen f\u00fcr nachhaltige Auswirkungen. Gemeinsam bauen wir zielgerichtet und schaffen eine bessere Zukunft f\u00fcr die Gemeinschaft.<\/p>\t\t\t\t\t\t\t\t<\/div>\n\t\t\t\t<\/div>\n\t\t\t\t<\/div>\n\t\t<div data-particle_enable=\"false\" data-particle-mobile-disabled=\"false\" class=\"elementor-element elementor-element-f427343 e-con-full e-flex e-con e-parent\" data-id=\"f427343\" data-element_type=\"container\">\n\t\t<div data-particle_enable=\"false\" data-particle-mobile-disabled=\"false\" class=\"elementor-element elementor-element-fb5bca1 e-con-full e-flex e-con e-child\" data-id=\"fb5bca1\" data-element_type=\"container\" data-settings=\"{&quot;background_background&quot;:&quot;classic&quot;}\">\n\t\t\t\t<div class=\"elementor-element elementor-element-ae6540a elementor-widget elementor-widget-heading\" data-id=\"ae6540a\" data-element_type=\"widget\" data-widget_type=\"heading.default\">\n\t\t\t\t<div class=\"elementor-widget-container\">\n\t\t\t\t\t<h2 class=\"elementor-heading-title elementor-size-default\">Engagement f\u00fcr Spitzenleistung<\/h2>\t\t\t\t<\/div>\n\t\t\t\t<\/div>\n\t\t\t\t<div class=\"elementor-element elementor-element-1f46b93 elementor-widget elementor-widget-text-editor\" data-id=\"1f46b93\" data-element_type=\"widget\" data-widget_type=\"text-editor.default\">\n\t\t\t\t<div class=\"elementor-widget-container\">\n\t\t\t\t\t\t\t\t\t<p>SICE strebt bei allen Projekten nach technischer Perfektion und gew\u00e4hrleistet die h\u00f6chsten Industriestandards. Ihr Fokus reicht von Infrastruktur bis hin zu Wohnbebauung.<\/p>\t\t\t\t\t\t\t\t<\/div>\n\t\t\t\t<\/div>\n\t\t\t\t<\/div>\n\t\t<div data-particle_enable=\"false\" data-particle-mobile-disabled=\"false\" class=\"elementor-element elementor-element-6678e9f e-con-full e-flex e-con e-child\" data-id=\"6678e9f\" data-element_type=\"container\" data-settings=\"{&quot;background_background&quot;:&quot;classic&quot;}\">\n\t\t\t\t<\/div>\n\t\t\t\t<\/div>\n\t\t<div data-particle_enable=\"false\" data-particle-mobile-disabled=\"false\" class=\"elementor-element elementor-element-0914cba e-con-full e-flex e-con e-parent\" data-id=\"0914cba\" data-element_type=\"container\">\n\t\t<div data-particle_enable=\"false\" data-particle-mobile-disabled=\"false\" class=\"elementor-element elementor-element-f72bda5 e-con-full e-flex e-con e-child\" data-id=\"f72bda5\" data-element_type=\"container\" data-settings=\"{&quot;background_background&quot;:&quot;classic&quot;}\">\n\t\t\t\t<\/div>\n\t\t<div data-particle_enable=\"false\" data-particle-mobile-disabled=\"false\" class=\"elementor-element elementor-element-afc8d99 e-con-full e-flex e-con e-child\" data-id=\"afc8d99\" data-element_type=\"container\" data-settings=\"{&quot;background_background&quot;:&quot;classic&quot;}\">\n\t\t\t\t<div class=\"elementor-element elementor-element-ff83c6b elementor-widget elementor-widget-heading\" data-id=\"ff83c6b\" data-element_type=\"widget\" data-widget_type=\"heading.default\">\n\t\t\t\t<div class=\"elementor-widget-container\">\n\t\t\t\t\t<h2 class=\"elementor-heading-title elementor-size-default\">Innovation und Nachhaltigkeit<\/h2>\t\t\t\t<\/div>\n\t\t\t\t<\/div>\n\t\t\t\t<div class=\"elementor-element elementor-element-20a58ce elementor-widget elementor-widget-text-editor\" data-id=\"20a58ce\" data-element_type=\"widget\" data-widget_type=\"text-editor.default\">\n\t\t\t\t<div class=\"elementor-widget-container\">\n\t\t\t\t\t\t\t\t\t<p>verbindet Spitzentechnologie mit umweltfreundlichen L\u00f6sungen und schafft so wirksame Designs, die die Umwelt f\u00fcr k\u00fcnftige Generationen sch\u00fctzen.<\/p>\t\t\t\t\t\t\t\t<\/div>\n\t\t\t\t<\/div>\n\t\t\t\t<\/div>\n\t\t\t\t<\/div>\n\t\t<div data-particle_enable=\"false\" data-particle-mobile-disabled=\"false\" class=\"elementor-element elementor-element-0755b1a e-con-full e-flex e-con e-parent\" data-id=\"0755b1a\" data-element_type=\"container\">\n\t\t<div data-particle_enable=\"false\" data-particle-mobile-disabled=\"false\" class=\"elementor-element elementor-element-09fafb0 e-con-full e-flex e-con e-child\" data-id=\"09fafb0\" data-element_type=\"container\" data-settings=\"{&quot;background_background&quot;:&quot;classic&quot;}\">\n\t\t\t\t<div class=\"elementor-element elementor-element-4195149 elementor-widget elementor-widget-heading\" data-id=\"4195149\" data-element_type=\"widget\" data-widget_type=\"heading.default\">\n\t\t\t\t<div class=\"elementor-widget-container\">\n\t\t\t\t\t<h2 class=\"elementor-heading-title elementor-size-default\">Zusammenarbeit und Teamarbeit<\/h2>\t\t\t\t<\/div>\n\t\t\t\t<\/div>\n\t\t\t\t<div class=\"elementor-element elementor-element-2c653cc elementor-widget elementor-widget-text-editor\" data-id=\"2c653cc\" data-element_type=\"widget\" data-widget_type=\"text-editor.default\">\n\t\t\t\t<div class=\"elementor-widget-container\">\n\t\t\t\t\t\t\t\t\t<p>Der Erfolg von SICE beruht auf einer Kultur der Zusammenarbeit, in der Experten verschiedener Fachbereiche zusammenarbeiten, um die Beratungsleistungen individuell an die Bed\u00fcrfnisse des jeweiligen Kunden anzupassen.<\/p>\t\t\t\t\t\t\t\t<\/div>\n\t\t\t\t<\/div>\n\t\t\t\t<\/div>\n\t\t<div data-particle_enable=\"false\" data-particle-mobile-disabled=\"false\" class=\"elementor-element elementor-element-52627e7 e-con-full e-flex e-con e-child\" data-id=\"52627e7\" data-element_type=\"container\" data-settings=\"{&quot;background_background&quot;:&quot;classic&quot;}\">\n\t\t\t\t<\/div>\n\t\t\t\t<\/div>\n\t\t<div data-particle_enable=\"false\" data-particle-mobile-disabled=\"false\" class=\"elementor-element elementor-element-ad71008 e-con-full e-flex e-con e-parent\" data-id=\"ad71008\" data-element_type=\"container\">\n\t\t<div data-particle_enable=\"false\" data-particle-mobile-disabled=\"false\" class=\"elementor-element elementor-element-407f473 e-con-full e-flex e-con e-child\" data-id=\"407f473\" data-element_type=\"container\" data-settings=\"{&quot;background_background&quot;:&quot;classic&quot;}\">\n\t\t\t\t<\/div>\n\t\t<div data-particle_enable=\"false\" data-particle-mobile-disabled=\"false\" class=\"elementor-element elementor-element-c81bc04 e-con-full e-flex e-con e-child\" data-id=\"c81bc04\" data-element_type=\"container\" data-settings=\"{&quot;background_background&quot;:&quot;classic&quot;}\">\n\t\t\t\t<div class=\"elementor-element elementor-element-a0bf505 elementor-widget elementor-widget-heading\" data-id=\"a0bf505\" data-element_type=\"widget\" data-widget_type=\"heading.default\">\n\t\t\t\t<div class=\"elementor-widget-container\">\n\t\t\t\t\t<h2 class=\"elementor-heading-title elementor-size-default\">Integrit\u00e4t und Vertrauen<\/h2>\t\t\t\t<\/div>\n\t\t\t\t<\/div>\n\t\t\t\t<div class=\"elementor-element elementor-element-42a8b45 elementor-widget elementor-widget-text-editor\" data-id=\"42a8b45\" data-element_type=\"widget\" data-widget_type=\"text-editor.default\">\n\t\t\t\t<div class=\"elementor-widget-container\">\n\t\t\t\t\t\t\t\t\t<p>SICE legt Wert auf Transparenz und baut starke Partnerschaften auf, die auf Ehrlichkeit, gegenseitigem Respekt und gemeinsamen Zielen basieren.<\/p>\t\t\t\t\t\t\t\t<\/div>\n\t\t\t\t<\/div>\n\t\t\t\t<\/div>\n\t\t\t\t<\/div>\n\t\t<div data-particle_enable=\"false\" data-particle-mobile-disabled=\"false\" class=\"elementor-element elementor-element-bd37559 e-con-full e-flex e-con e-parent\" data-id=\"bd37559\" data-element_type=\"container\">\n\t\t<div data-particle_enable=\"false\" data-particle-mobile-disabled=\"false\" class=\"elementor-element elementor-element-7bb65e6 e-con-full e-flex e-con e-child\" data-id=\"7bb65e6\" data-element_type=\"container\" data-settings=\"{&quot;background_background&quot;:&quot;classic&quot;}\">\n\t\t\t\t<div class=\"elementor-element elementor-element-340295e elementor-widget elementor-widget-heading\" data-id=\"340295e\" data-element_type=\"widget\" data-widget_type=\"heading.default\">\n\t\t\t\t<div class=\"elementor-widget-container\">\n\t\t\t\t\t<h2 class=\"elementor-heading-title elementor-size-default\">Kundenzentrierter Ansatz<\/h2>\t\t\t\t<\/div>\n\t\t\t\t<\/div>\n\t\t\t\t<div class=\"elementor-element elementor-element-09d5068 elementor-widget elementor-widget-text-editor\" data-id=\"09d5068\" data-element_type=\"widget\" data-widget_type=\"text-editor.default\">\n\t\t\t\t<div class=\"elementor-widget-container\">\n\t\t\t\t\t\t\t\t\t<p>Der Kunde steht an erster Stelle: SICE legt gro\u00dfen Wert darauf, die individuellen Bed\u00fcrfnisse jedes Kunden zu verstehen und zu erf\u00fcllen. Das Unternehmen stellt sicher, dass jedes Projekt die Vision und Anforderungen des Kunden widerspiegelt und f\u00f6rdert so langfristige Partnerschaften.<\/p>\t\t\t\t\t\t\t\t<\/div>\n\t\t\t\t<\/div>\n\t\t\t\t<\/div>\n\t\t<div data-particle_enable=\"false\" data-particle-mobile-disabled=\"false\" class=\"elementor-element elementor-element-56b55ad e-con-full e-flex e-con e-child\" data-id=\"56b55ad\" data-element_type=\"container\" data-settings=\"{&quot;background_background&quot;:&quot;classic&quot;}\">\n\t\t\t\t<\/div>\n\t\t\t\t<\/div>\n\t\t<div data-particle_enable=\"false\" data-particle-mobile-disabled=\"false\" class=\"elementor-element elementor-element-cbe6bf2 e-con-full e-flex e-con e-parent\" data-id=\"cbe6bf2\" data-element_type=\"container\">\n\t\t<div data-particle_enable=\"false\" data-particle-mobile-disabled=\"false\" class=\"elementor-element elementor-element-8c1c3c4 e-con-full e-flex e-con e-child\" data-id=\"8c1c3c4\" data-element_type=\"container\" data-settings=\"{&quot;background_background&quot;:&quot;classic&quot;}\">\n\t\t\t\t<\/div>\n\t\t<div data-particle_enable=\"false\" data-particle-mobile-disabled=\"false\" class=\"elementor-element elementor-element-bcd7d5f e-con-full e-flex e-con e-child\" data-id=\"bcd7d5f\" data-element_type=\"container\" data-settings=\"{&quot;background_background&quot;:&quot;classic&quot;}\">\n\t\t\t\t<div class=\"elementor-element elementor-element-052bfc6 elementor-widget elementor-widget-heading\" data-id=\"052bfc6\" data-element_type=\"widget\" data-widget_type=\"heading.default\">\n\t\t\t\t<div class=\"elementor-widget-container\">\n\t\t\t\t\t<h2 class=\"elementor-heading-title elementor-size-default\">Sicherheit und Zuverl\u00e4ssigkeit<\/h2>\t\t\t\t<\/div>\n\t\t\t\t<\/div>\n\t\t\t\t<div class=\"elementor-element elementor-element-ff68aa8 elementor-widget elementor-widget-text-editor\" data-id=\"ff68aa8\" data-element_type=\"widget\" data-widget_type=\"text-editor.default\">\n\t\t\t\t<div class=\"elementor-widget-container\">\n\t\t\t\t\t\t\t\t\t<p>Sorgf\u00e4ltig bauen: SICE h\u00e4lt in allen Phasen seiner Projekte, vom Entwurf bis zur Ausf\u00fchrung, die h\u00f6chsten Sicherheitsstandards ein. Die Gew\u00e4hrleistung der Zuverl\u00e4ssigkeit und Haltbarkeit von Strukturen ist eine wichtige Priorit\u00e4t, wobei das Wohlergehen der Gemeinschaften und Endnutzer im Mittelpunkt steht.<\/p>\t\t\t\t\t\t\t\t<\/div>\n\t\t\t\t<\/div>\n\t\t\t\t<\/div>\n\t\t\t\t<\/div>\n\t\t<div data-particle_enable=\"false\" data-particle-mobile-disabled=\"false\" class=\"elementor-element elementor-element-d6506a7 e-con-full e-flex e-con e-parent\" data-id=\"d6506a7\" data-element_type=\"container\">\n\t\t<div data-particle_enable=\"false\" data-particle-mobile-disabled=\"false\" class=\"elementor-element elementor-element-125546a e-con-full e-flex e-con e-child\" data-id=\"125546a\" data-element_type=\"container\" data-settings=\"{&quot;background_background&quot;:&quot;classic&quot;}\">\n\t\t\t\t<div class=\"elementor-element elementor-element-e8128c5 elementor-widget elementor-widget-heading\" data-id=\"e8128c5\" data-element_type=\"widget\" data-widget_type=\"heading.default\">\n\t\t\t\t<div class=\"elementor-widget-container\">\n\t\t\t\t\t<h2 class=\"elementor-heading-title elementor-size-default\">Effizienz und Pr\u00e4zision<\/h2>\t\t\t\t<\/div>\n\t\t\t\t<\/div>\n\t\t\t\t<div class=\"elementor-element elementor-element-7e6b0f0 elementor-widget elementor-widget-text-editor\" data-id=\"7e6b0f0\" data-element_type=\"widget\" data-widget_type=\"text-editor.default\">\n\t\t\t\t<div class=\"elementor-widget-container\">\n\t\t\t\t\t\t\t\t\t<p>Pr\u00e4zise Lieferung: SICE ist bestrebt, Projekte p\u00fcnktlich und innerhalb des Budgets zu liefern, ohne Kompromisse bei der Qualit\u00e4t einzugehen. Ihre akribische Liebe zum Detail stellt sicher, dass alle Projekte pr\u00e4zise und effizient ausgef\u00fchrt werden.<\/p>\t\t\t\t\t\t\t\t<\/div>\n\t\t\t\t<\/div>\n\t\t\t\t<\/div>\n\t\t<div data-particle_enable=\"false\" data-particle-mobile-disabled=\"false\" class=\"elementor-element elementor-element-0b8f8f3 e-con-full e-flex e-con e-child\" data-id=\"0b8f8f3\" data-element_type=\"container\" data-settings=\"{&quot;background_background&quot;:&quot;classic&quot;}\">\n\t\t\t\t<\/div>\n\t\t\t\t<\/div>\n\t\t\t\t<\/div>\n\t\t","protected":false},"excerpt":{"rendered":"<p>Mit Integrit\u00e4t und Innovation die Zukunft gestalten Wir sind von der Verpflichtung zu Exzellenz, Innovation und Nachhaltigkeit getrieben. Unsere Werte Integrit\u00e4t, Zusammenarbeit und kundenorientierter Service pr\u00e4gen jedes Projekt und sorgen f\u00fcr nachhaltige Auswirkungen. Gemeinsam bauen wir zielgerichtet und schaffen eine bessere Zukunft f\u00fcr die Gemeinschaft. Engagement f\u00fcr Spitzenleistung SICE strebt bei allen Projekten nach technischer [&hellip;]<\/p>\n","protected":false},"author":1,"featured_media":0,"parent":0,"menu_order":0,"comment_status":"closed","ping_status":"closed","template":"","meta":{"_acf_changed":false,"footnotes":""},"class_list":["post-2369","page","type-page","status-publish","hentry"],"acf":[],"_links":{"self":[{"href":"https:\/\/saadsice.com\/de\/wp-json\/wp\/v2\/pages\/2369","targetHints":{"allow":["GET"]}}],"collection":[{"href":"https:\/\/saadsice.com\/de\/wp-json\/wp\/v2\/pages"}],"about":[{"href":"https:\/\/saadsice.com\/de\/wp-json\/wp\/v2\/types\/page"}],"author":[{"embeddable":true,"href":"https:\/\/saadsice.com\/de\/wp-json\/wp\/v2\/users\/1"}],"replies":[{"embeddable":true,"href":"https:\/\/saadsice.com\/de\/wp-json\/wp\/v2\/comments?post=2369"}],"version-history":[{"count":5,"href":"https:\/\/saadsice.com\/de\/wp-json\/wp\/v2\/pages\/2369\/revisions"}],"predecessor-version":[{"id":2382,"href":"https:\/\/saadsice.com\/de\/wp-json\/wp\/v2\/pages\/2369\/revisions\/2382"}],"wp:attachment":[{"href":"https:\/\/saadsice.com\/de\/wp-json\/wp\/v2\/media?parent=2369"}],"curies":[{"name":"wp","href":"https:\/\/api.w.org\/{rel}","templated":true}]}}