{"id":2406,"date":"2024-10-03T10:13:31","date_gmt":"2024-10-03T10:13:31","guid":{"rendered":"https:\/\/saadsice.com\/offices\/"},"modified":"2024-12-19T10:26:10","modified_gmt":"2024-12-19T10:26:10","slug":"offices","status":"publish","type":"page","link":"https:\/\/saadsice.com\/de\/offices\/","title":{"rendered":"B\u00fcros"},"content":{"rendered":"\t\t<div data-elementor-type=\"wp-page\" data-elementor-id=\"2406\" class=\"elementor elementor-2406 elementor-744\" data-elementor-post-type=\"page\">\n\t\t\t\t<div data-particle_enable=\"false\" data-particle-mobile-disabled=\"false\" class=\"elementor-element elementor-element-789b2fa e-con-full e-flex e-con e-parent\" data-id=\"789b2fa\" data-element_type=\"container\" data-settings=\"{&quot;background_background&quot;:&quot;classic&quot;}\">\n\t\t\t\t<div class=\"elementor-element elementor-element-976cdd6 elementor-widget elementor-widget-heading\" data-id=\"976cdd6\" data-element_type=\"widget\" data-widget_type=\"heading.default\">\n\t\t\t\t<div class=\"elementor-widget-container\">\n\t\t\t\t\t<h2 class=\"elementor-heading-title elementor-size-default\">Ein wachsendes Netzwerk an Fachwissen<\/h2>\t\t\t\t<\/div>\n\t\t\t\t<\/div>\n\t\t\t\t<div class=\"elementor-element elementor-element-ef67730 elementor-widget__width-initial elementor-widget elementor-widget-text-editor\" data-id=\"ef67730\" data-element_type=\"widget\" data-widget_type=\"text-editor.default\">\n\t\t\t\t<div class=\"elementor-widget-container\">\n\t\t\t\t\t\t\t\t\t<p>Mit qualifizierten Fachkr\u00e4ften in verschiedenen Regionen fungiert SICE als einheitliches Team, das sich der technischen Exzellenz verschrieben hat. Jedes B\u00fcro spiegelt unser Engagement f\u00fcr Qualit\u00e4t wider und ber\u00fccksichtigt gleichzeitig die einzigartigen Eigenschaften seiner lokalen Gemeinschaft. So k\u00f6nnen wir ma\u00dfgeschneiderte L\u00f6sungen liefern, die den vielf\u00e4ltigen Anforderungen der von uns betreuten Gebiete gerecht werden.<\/p>\t\t\t\t\t\t\t\t<\/div>\n\t\t\t\t<\/div>\n\t\t\t\t<\/div>\n\t\t<div data-particle_enable=\"false\" data-particle-mobile-disabled=\"false\" class=\"elementor-element elementor-element-f427343 e-con-full e-flex e-con e-parent\" data-id=\"f427343\" data-element_type=\"container\">\n\t\t<div data-particle_enable=\"false\" data-particle-mobile-disabled=\"false\" class=\"elementor-element elementor-element-fb5bca1 e-con-full e-flex e-con e-child\" data-id=\"fb5bca1\" data-element_type=\"container\" data-settings=\"{&quot;background_background&quot;:&quot;classic&quot;}\">\n\t\t\t\t<div class=\"elementor-element elementor-element-ae6540a elementor-widget elementor-widget-heading\" data-id=\"ae6540a\" data-element_type=\"widget\" data-widget_type=\"heading.default\">\n\t\t\t\t<div class=\"elementor-widget-container\">\n\t\t\t\t\t<h2 class=\"elementor-heading-title elementor-size-default\">Niederlassung Kairo (Hauptb\u00fcro)<\/h2>\t\t\t\t<\/div>\n\t\t\t\t<\/div>\n\t\t\t\t<div class=\"elementor-element elementor-element-88933b8 elementor-widget elementor-widget-text-editor\" data-id=\"88933b8\" data-element_type=\"widget\" data-widget_type=\"text-editor.default\">\n\t\t\t\t<div class=\"elementor-widget-container\">\n\t\t\t\t\t\t\t\t\t<p>West Golf &#8211; Katamya Heights, #345El-Tagamoa No.5 &#8211; New Cairo<\/p>\t\t\t\t\t\t\t\t<\/div>\n\t\t\t\t<\/div>\n\t\t\t\t<div class=\"elementor-element elementor-element-084537b elementor-icon-list--layout-traditional elementor-list-item-link-full_width elementor-widget elementor-widget-icon-list\" data-id=\"084537b\" data-element_type=\"widget\" data-widget_type=\"icon-list.default\">\n\t\t\t\t<div class=\"elementor-widget-container\">\n\t\t\t\t\t\t\t<ul class=\"elementor-icon-list-items\">\n\t\t\t\t\t\t\t<li class=\"elementor-icon-list-item\">\n\t\t\t\t\t\t\t\t\t\t<span class=\"elementor-icon-list-text\">Mob. +20-1227372883<\/span>\n\t\t\t\t\t\t\t\t\t<\/li>\n\t\t\t\t\t\t\t\t<li class=\"elementor-icon-list-item\">\n\t\t\t\t\t\t\t\t\t\t<span class=\"elementor-icon-list-text\">Tel. : +20-223132049<\/span>\n\t\t\t\t\t\t\t\t\t<\/li>\n\t\t\t\t\t\t<\/ul>\n\t\t\t\t\t\t<\/div>\n\t\t\t\t<\/div>\n\t\t\t\t<\/div>\n\t\t<div data-particle_enable=\"false\" data-particle-mobile-disabled=\"false\" class=\"elementor-element elementor-element-6678e9f e-con-full e-flex e-con e-child\" data-id=\"6678e9f\" data-element_type=\"container\" data-settings=\"{&quot;background_background&quot;:&quot;classic&quot;}\">\n\t\t\t\t<\/div>\n\t\t\t\t<\/div>\n\t\t<div data-particle_enable=\"false\" data-particle-mobile-disabled=\"false\" class=\"elementor-element elementor-element-0914cba e-con-full e-flex e-con e-parent\" data-id=\"0914cba\" data-element_type=\"container\">\n\t\t<div data-particle_enable=\"false\" data-particle-mobile-disabled=\"false\" class=\"elementor-element elementor-element-f72bda5 e-con-full e-flex e-con e-child\" data-id=\"f72bda5\" data-element_type=\"container\" data-settings=\"{&quot;background_background&quot;:&quot;classic&quot;}\">\n\t\t\t\t<\/div>\n\t\t<div data-particle_enable=\"false\" data-particle-mobile-disabled=\"false\" class=\"elementor-element elementor-element-afc8d99 e-con-full e-flex e-con e-child\" data-id=\"afc8d99\" data-element_type=\"container\" data-settings=\"{&quot;background_background&quot;:&quot;classic&quot;}\">\n\t\t\t\t<div class=\"elementor-element elementor-element-ff83c6b elementor-widget elementor-widget-heading\" data-id=\"ff83c6b\" data-element_type=\"widget\" data-widget_type=\"heading.default\">\n\t\t\t\t<div class=\"elementor-widget-container\">\n\t\t\t\t\t<h2 class=\"elementor-heading-title elementor-size-default\">Niederlassung Riad (K\u00f6nigreich Saudi-Arabien)<\/h2>\t\t\t\t<\/div>\n\t\t\t\t<\/div>\n\t\t\t\t<div class=\"elementor-element elementor-element-998a4b4 elementor-widget elementor-widget-text-editor\" data-id=\"998a4b4\" data-element_type=\"widget\" data-widget_type=\"text-editor.default\">\n\t\t\t\t<div class=\"elementor-widget-container\">\n\t\t\t\t\t\t\t\t\t<p>Nahda El Orouba \u2013 El Rawda<\/p>\t\t\t\t\t\t\t\t<\/div>\n\t\t\t\t<\/div>\n\t\t\t\t<div class=\"elementor-element elementor-element-3787dd4 elementor-icon-list--layout-traditional elementor-list-item-link-full_width elementor-widget elementor-widget-icon-list\" data-id=\"3787dd4\" data-element_type=\"widget\" data-widget_type=\"icon-list.default\">\n\t\t\t\t<div class=\"elementor-widget-container\">\n\t\t\t\t\t\t\t<ul class=\"elementor-icon-list-items\">\n\t\t\t\t\t\t\t<li class=\"elementor-icon-list-item\">\n\t\t\t\t\t\t\t\t\t\t<span class=\"elementor-icon-list-text\">Mob. +966566809836<\/span>\n\t\t\t\t\t\t\t\t\t<\/li>\n\t\t\t\t\t\t\t\t<li class=\"elementor-icon-list-item\">\n\t\t\t\t\t\t\t\t\t\t<span class=\"elementor-icon-list-text\">Mob. +966546719418<\/span>\n\t\t\t\t\t\t\t\t\t<\/li>\n\t\t\t\t\t\t<\/ul>\n\t\t\t\t\t\t<\/div>\n\t\t\t\t<\/div>\n\t\t\t\t<\/div>\n\t\t\t\t<\/div>\n\t\t<div data-particle_enable=\"false\" data-particle-mobile-disabled=\"false\" class=\"elementor-element elementor-element-0755b1a e-con-full e-flex e-con e-parent\" data-id=\"0755b1a\" data-element_type=\"container\">\n\t\t<div data-particle_enable=\"false\" data-particle-mobile-disabled=\"false\" class=\"elementor-element elementor-element-09fafb0 e-con-full e-flex e-con e-child\" data-id=\"09fafb0\" data-element_type=\"container\" data-settings=\"{&quot;background_background&quot;:&quot;classic&quot;}\">\n\t\t\t\t<div class=\"elementor-element elementor-element-4195149 elementor-widget elementor-widget-heading\" data-id=\"4195149\" data-element_type=\"widget\" data-widget_type=\"heading.default\">\n\t\t\t\t<div class=\"elementor-widget-container\">\n\t\t\t\t\t<h2 class=\"elementor-heading-title elementor-size-default\">Niederlassung Deutschland<\/h2>\t\t\t\t<\/div>\n\t\t\t\t<\/div>\n\t\t\t\t<div class=\"elementor-element elementor-element-1cf3c6f elementor-widget elementor-widget-text-editor\" data-id=\"1cf3c6f\" data-element_type=\"widget\" data-widget_type=\"text-editor.default\">\n\t\t\t\t<div class=\"elementor-widget-container\">\n\t\t\t\t\t\t\t\t\t<p>Plieninger Stra\u00dfe 100 D-70567 Stuttgart<\/p>\t\t\t\t\t\t\t\t<\/div>\n\t\t\t\t<\/div>\n\t\t\t\t<div class=\"elementor-element elementor-element-ca445fd elementor-icon-list--layout-traditional elementor-list-item-link-full_width elementor-widget elementor-widget-icon-list\" data-id=\"ca445fd\" data-element_type=\"widget\" data-widget_type=\"icon-list.default\">\n\t\t\t\t<div class=\"elementor-widget-container\">\n\t\t\t\t\t\t\t<ul class=\"elementor-icon-list-items\">\n\t\t\t\t\t\t\t<li class=\"elementor-icon-list-item\">\n\t\t\t\t\t\t\t\t\t\t<span class=\"elementor-icon-list-text\">Mob. +20-1227372883<\/span>\n\t\t\t\t\t\t\t\t\t<\/li>\n\t\t\t\t\t\t<\/ul>\n\t\t\t\t\t\t<\/div>\n\t\t\t\t<\/div>\n\t\t\t\t<\/div>\n\t\t<div data-particle_enable=\"false\" data-particle-mobile-disabled=\"false\" class=\"elementor-element elementor-element-52627e7 e-con-full e-flex e-con e-child\" data-id=\"52627e7\" data-element_type=\"container\" data-settings=\"{&quot;background_background&quot;:&quot;classic&quot;}\">\n\t\t\t\t<\/div>\n\t\t\t\t<\/div>\n\t\t\t\t<\/div>\n\t\t","protected":false},"excerpt":{"rendered":"<p>Ein wachsendes Netzwerk an Fachwissen Mit qualifizierten Fachkr\u00e4ften in verschiedenen Regionen fungiert SICE als einheitliches Team, das sich der technischen Exzellenz verschrieben hat. Jedes B\u00fcro spiegelt unser Engagement f\u00fcr Qualit\u00e4t wider und ber\u00fccksichtigt gleichzeitig die einzigartigen Eigenschaften seiner lokalen Gemeinschaft. So k\u00f6nnen wir ma\u00dfgeschneiderte L\u00f6sungen liefern, die den vielf\u00e4ltigen Anforderungen der von uns betreuten Gebiete [&hellip;]<\/p>\n","protected":false},"author":1,"featured_media":0,"parent":0,"menu_order":0,"comment_status":"closed","ping_status":"closed","template":"","meta":{"_acf_changed":false,"footnotes":""},"class_list":["post-2406","page","type-page","status-publish","hentry"],"acf":[],"_links":{"self":[{"href":"https:\/\/saadsice.com\/de\/wp-json\/wp\/v2\/pages\/2406","targetHints":{"allow":["GET"]}}],"collection":[{"href":"https:\/\/saadsice.com\/de\/wp-json\/wp\/v2\/pages"}],"about":[{"href":"https:\/\/saadsice.com\/de\/wp-json\/wp\/v2\/types\/page"}],"author":[{"embeddable":true,"href":"https:\/\/saadsice.com\/de\/wp-json\/wp\/v2\/users\/1"}],"replies":[{"embeddable":true,"href":"https:\/\/saadsice.com\/de\/wp-json\/wp\/v2\/comments?post=2406"}],"version-history":[{"count":5,"href":"https:\/\/saadsice.com\/de\/wp-json\/wp\/v2\/pages\/2406\/revisions"}],"predecessor-version":[{"id":2419,"href":"https:\/\/saadsice.com\/de\/wp-json\/wp\/v2\/pages\/2406\/revisions\/2419"}],"wp:attachment":[{"href":"https:\/\/saadsice.com\/de\/wp-json\/wp\/v2\/media?parent=2406"}],"curies":[{"name":"wp","href":"https:\/\/api.w.org\/{rel}","templated":true}]}}